{"id":1430,"date":"2023-12-28T19:56:45","date_gmt":"2023-12-28T19:56:45","guid":{"rendered":"https:\/\/xn--wahres-schnes-gutes-furttal-yyc.ch\/?page_id=1430"},"modified":"2025-09-30T20:16:55","modified_gmt":"2025-09-30T20:16:55","slug":"datenschutzerklaerung","status":"publish","type":"page","link":"https:\/\/xn--wahres-schnes-gutes-furttal-yyc.ch\/?page_id=1430","title":{"rendered":"Datenschutzerkl\u00e4rung"},"content":{"rendered":"\n<h5 class=\"wp-block-heading\">Umfang der Datenbearbeitung bei der Verbindung<\/h5>\n\n\n\n<p>Wenn Sie auf unsere Website zugreifen, d.h., selbst wenn Sie sich nicht registrieren oder anderweitig Informationen \u00fcbermitteln, werden automatisch Informationen allgemeiner Natur erfasst. Diese Informationen (Server-Logfiles) beinhalten etwa die Art des Webbrowsers, das verwendete Betriebssystem, den Domainnamen Ihres Internet-Service-Providers, Ihre IP-Adresse, Referrer-URL, Datum und Uhrzeit des Zugriffs und \u00e4hnliches.<\/p>\n\n\n\n<p>Wir hosten unsere Webseite beim Dienstleister ServerTown, der f\u00fcr die technische Analyse der Server Logs und die notwendigen funktionellen Cookies zust\u00e4ndig ist. S\u00e4mtliche Dienstleister sind vertraglich dazu verpflichtet, Ihre Daten vertraulich zu behandeln (<a href=\"https:\/\/servertown.ch\/webhosting-hosting\/webhosting-agbrichtlinien\" target=\"_blank\" rel=\"noreferrer noopener\">Datenschutzrichtlinien \u2013 ServerTown<\/a>).<\/p>\n\n\n\n<p>Unserseits, werden keine Zugriffs-Daten gespeichert oder bearbeitet.<\/p>\n\n\n\n<h5 class=\"wp-block-heading\">Cookies<\/h5>\n\n\n\n<p>Wenn Sie unsere Anmeldeseite besuchen, setzen wir ein tempor\u00e4res Cookie, um festzustellen, ob Ihr Browser Cookies zul\u00e4sst. Dieses Cookie enth\u00e4lt keine pers\u00f6nlichen Daten und wird gel\u00f6scht, wenn Sie Ihren Browser schlie\u00dfen.<\/p>\n\n\n\n<p>Wenn Sie einen Artikel bearbeiten oder ver\u00f6ffentlichen, wird ein weiteres Cookie in Ihrem Browser gespeichert. Dieses Cookie enth\u00e4lt keine pers\u00f6nlichen Daten und zeigt lediglich die Post-ID des Artikels an, den Sie gerade bearbeitet haben. Er verf\u00e4llt nach 1 Tag.<\/p>\n\n\n\n<h5 class=\"wp-block-heading\">Eingebettete Inhalte von anderen Websites<\/h5>\n\n\n\n<p>Die Artikel auf dieser Website k\u00f6nnen eingebettete Inhalte enthalten (z. B. Videos, Bilder, Artikel usw.). Eingebettete Inhalte von anderen Websites verhalten sich genau so, als ob der Besucher die andere Website besucht h\u00e4tte.<\/p>\n\n\n\n<p>Diese Websites k\u00f6nnen Daten \u00fcber Sie sammeln, Cookies verwenden, zus\u00e4tzliche Verfolgungen durch Dritte einbetten und Ihre Interaktion mit diesem eingebetteten Inhalt \u00fcberwachen, einschlie\u00dflich der Verfolgung Ihrer Interaktion mit dem eingebetteten Inhalt, wenn Sie ein Konto haben und auf dieser Website angemeldet sind.<\/p>\n\n\n\n<h5 class=\"wp-block-heading\">Sonstiges<\/h5>\n\n\n\n<p>F\u00fcr die Sicherheit der Daten\u00fcbertragung im Internet k\u00f6nnen wir keine Gew\u00e4hr \u00fcbernehmen, insbesondere besteht bei der \u00dcbertragung von Daten per eMail die Gefahr des Zugriffs durch Dritte.<\/p>\n\n\n\n<p>Sollten einzelne Regelungen oder Formulierungen dieses Haftungsausschlusses unwirksam sein oder werden, bleiben die \u00fcbrigen Regelungen in ihrem Inhalt und ihrer G\u00fcltigkeit hiervon unber\u00fchrt.<\/p>\n","protected":false},"excerpt":{"rendered":"<p>Umfang der Datenbearbeitung bei der Verbindung Wenn Sie auf unsere Website zugreifen, d.h., selbst wenn Sie sich nicht registrieren oder anderweitig Informationen \u00fcbermitteln, werden automatisch Informationen allgemeiner Natur erfasst. Diese Informationen (Server-Logfiles) beinhalten etwa die Art des Webbrowsers, das verwendete Betriebssystem, den Domainnamen Ihres Internet-Service-Providers, Ihre IP-Adresse, Referrer-URL, Datum und Uhrzeit des Zugriffs und \u00e4hnliches. [&hellip;]<\/p>\n","protected":false},"author":1,"featured_media":0,"parent":0,"menu_order":0,"comment_status":"closed","ping_status":"closed","template":"page-no-separators","meta":{"advanced_seo_description":"","jetpack_seo_html_title":"","jetpack_seo_noindex":false,"footnotes":""},"class_list":["post-1430","page","type-page","status-publish","hentry"],"jetpack_sharing_enabled":true,"_links":{"self":[{"href":"https:\/\/xn--wahres-schnes-gutes-furttal-yyc.ch\/index.php?rest_route=\/wp\/v2\/pages\/1430","targetHints":{"allow":["GET"]}}],"collection":[{"href":"https:\/\/xn--wahres-schnes-gutes-furttal-yyc.ch\/index.php?rest_route=\/wp\/v2\/pages"}],"about":[{"href":"https:\/\/xn--wahres-schnes-gutes-furttal-yyc.ch\/index.php?rest_route=\/wp\/v2\/types\/page"}],"author":[{"embeddable":true,"href":"https:\/\/xn--wahres-schnes-gutes-furttal-yyc.ch\/index.php?rest_route=\/wp\/v2\/users\/1"}],"replies":[{"embeddable":true,"href":"https:\/\/xn--wahres-schnes-gutes-furttal-yyc.ch\/index.php?rest_route=%2Fwp%2Fv2%2Fcomments&post=1430"}],"version-history":[{"count":1,"href":"https:\/\/xn--wahres-schnes-gutes-furttal-yyc.ch\/index.php?rest_route=\/wp\/v2\/pages\/1430\/revisions"}],"predecessor-version":[{"id":1431,"href":"https:\/\/xn--wahres-schnes-gutes-furttal-yyc.ch\/index.php?rest_route=\/wp\/v2\/pages\/1430\/revisions\/1431"}],"wp:attachment":[{"href":"https:\/\/xn--wahres-schnes-gutes-furttal-yyc.ch\/index.php?rest_route=%2Fwp%2Fv2%2Fmedia&parent=1430"}],"curies":[{"name":"wp","href":"https:\/\/api.w.org\/{rel}","templated":true}]}}