{"id":265,"date":"2023-11-12T18:04:31","date_gmt":"2023-11-12T18:04:31","guid":{"rendered":"https:\/\/xn--wahres-schnes-gutes-furttal-yyc.ch\/?page_id=265"},"modified":"2025-12-18T08:04:38","modified_gmt":"2025-12-18T08:04:38","slug":"themes","status":"publish","type":"page","link":"https:\/\/xn--wahres-schnes-gutes-furttal-yyc.ch\/?page_id=265","title":{"rendered":"Themen"},"content":{"rendered":"\n<div class=\"wp-block-columns are-vertically-aligned-top is-layout-flex wp-container-core-columns-is-layout-28f84493 wp-block-columns-is-layout-flex\">\n<div class=\"wp-block-column is-vertically-aligned-top is-content-justification-left is-layout-constrained wp-container-core-column-is-layout-7526a028 wp-block-column-is-layout-constrained\" style=\"flex-basis:100%\"><nav class=\"is-responsive items-justified-left is-vertical no-wrap alignfull wp-block-navigation is-content-justification-left is-nowrap is-layout-flex wp-container-core-navigation-is-layout-fa48ed0c wp-block-navigation-is-layout-flex\" aria-label=\"Navigation\" \n\t\t data-wp-interactive=\"core\/navigation\" data-wp-context='{\"overlayOpenedBy\":{\"click\":false,\"hover\":false,\"focus\":false},\"type\":\"overlay\",\"roleAttribute\":\"\",\"ariaLabel\":\"Men\\u00fc\"}'><button aria-haspopup=\"dialog\"  class=\"wp-block-navigation__responsive-container-open\" \n\t\t\t\tdata-wp-on--click=\"actions.openMenuOnClick\"\n\t\t\t\tdata-wp-on--keydown=\"actions.handleMenuKeydown\"\n\t\t\t>Men\u00fc<\/button>\n\t\t\t\t<div class=\"wp-block-navigation__responsive-container\"  id=\"modal-1\" \n\t\t\t\tdata-wp-class--has-modal-open=\"state.isMenuOpen\"\n\t\t\t\tdata-wp-class--is-menu-open=\"state.isMenuOpen\"\n\t\t\t\tdata-wp-watch=\"callbacks.initMenu\"\n\t\t\t\tdata-wp-on--keydown=\"actions.handleMenuKeydown\"\n\t\t\t\tdata-wp-on--focusout=\"actions.handleMenuFocusout\"\n\t\t\t\ttabindex=\"-1\"\n\t\t\t>\n\t\t\t\t\t<div class=\"wp-block-navigation__responsive-close\" tabindex=\"-1\">\n\t\t\t\t\t\t<div class=\"wp-block-navigation__responsive-dialog\" \n\t\t\t\tdata-wp-bind--aria-modal=\"state.ariaModal\"\n\t\t\t\tdata-wp-bind--aria-label=\"state.ariaLabel\"\n\t\t\t\tdata-wp-bind--role=\"state.roleAttribute\"\n\t\t\t>\n\t\t\t\t\t\t\t<button  class=\"wp-block-navigation__responsive-container-close\" \n\t\t\t\tdata-wp-on--click=\"actions.closeMenuOnClick\"\n\t\t\t>Schlie\u00dfen<\/button>\n\t\t\t\t\t\t\t<div class=\"wp-block-navigation__responsive-container-content\" \n\t\t\t\tdata-wp-watch=\"callbacks.focusFirstElement\"\n\t\t\t id=\"modal-1-content\">\n\t\t\t\t\t\t\t\t<ul class=\"wp-block-navigation__container is-responsive items-justified-left is-vertical no-wrap alignfull wp-block-navigation\"><li class=\" wp-block-navigation-item wp-block-navigation-link\"><a class=\"wp-block-navigation-item__content\"  href=\"https:\/\/xn--wahres-schnes-gutes-furttal-yyc.ch\/?page_id=6365\"><span class=\"wp-block-navigation-item__label\">Heilung aus den Niedergangskr\u00e4ften<\/span><\/a><\/li><li class=\" wp-block-navigation-item wp-block-navigation-link\"><a class=\"wp-block-navigation-item__content\"  href=\"https:\/\/xn--wahres-schnes-gutes-furttal-yyc.ch\/?page_id=6505\"><span class=\"wp-block-navigation-item__label\">Die spirituelle Aufgabe des Deutsch-geistigen Mitteleuropas<\/span><\/a><\/li><li class=\" wp-block-navigation-item wp-block-navigation-link\"><a class=\"wp-block-navigation-item__content\"  href=\"https:\/\/xn--wahres-schnes-gutes-furttal-yyc.ch\/?page_id=6367\"><span class=\"wp-block-navigation-item__label\">Denken, erkennen, erwachen, bewusst werden<\/span><\/a><\/li><li class=\" wp-block-navigation-item wp-block-navigation-link\"><a class=\"wp-block-navigation-item__content\"  href=\"https:\/\/xn--wahres-schnes-gutes-furttal-yyc.ch\/?page_id=6475\"><span class=\"wp-block-navigation-item__label\">Wahrheit, Unwahrheit, Irrtum, L\u00fcgen<\/span><\/a><\/li><li class=\" wp-block-navigation-item wp-block-navigation-link\"><a class=\"wp-block-navigation-item__content\"  href=\"https:\/\/xn--wahres-schnes-gutes-furttal-yyc.ch\/?page_id=6371\"><span class=\"wp-block-navigation-item__label\">Gebete, Meditationen<\/span><\/a><\/li><li class=\" wp-block-navigation-item wp-block-navigation-link\"><a class=\"wp-block-navigation-item__content\"  href=\"https:\/\/xn--wahres-schnes-gutes-furttal-yyc.ch\/?page_id=6471\"><span class=\"wp-block-navigation-item__label\">Hoffnung, Licht, Trost, Gl\u00fcck<\/span><\/a><\/li><li class=\" wp-block-navigation-item wp-block-navigation-link\"><a class=\"wp-block-navigation-item__content\"  href=\"https:\/\/xn--wahres-schnes-gutes-furttal-yyc.ch\/?page_id=6473\"><span class=\"wp-block-navigation-item__label\">Freiheit<\/span><\/a><\/li><li class=\" wp-block-navigation-item wp-block-navigation-link\"><a class=\"wp-block-navigation-item__content\"  href=\"https:\/\/xn--wahres-schnes-gutes-furttal-yyc.ch\/?page_id=6477\"><span class=\"wp-block-navigation-item__label\">Sch\u00f6nheit, \u00c4sthetik<\/span><\/a><\/li><li class=\" wp-block-navigation-item wp-block-navigation-link\"><a class=\"wp-block-navigation-item__content\"  href=\"https:\/\/xn--wahres-schnes-gutes-furttal-yyc.ch\/?page_id=6487\"><span class=\"wp-block-navigation-item__label\">G\u00fcte<\/span><\/a><\/li><li class=\" wp-block-navigation-item wp-block-navigation-link\"><a class=\"wp-block-navigation-item__content\"  href=\"https:\/\/xn--wahres-schnes-gutes-furttal-yyc.ch\/?page_id=6489\"><span class=\"wp-block-navigation-item__label\">Liebe, Herzkultur, Herzdenken<\/span><\/a><\/li><li class=\" wp-block-navigation-item wp-block-navigation-link\"><a class=\"wp-block-navigation-item__content\"  href=\"https:\/\/xn--wahres-schnes-gutes-furttal-yyc.ch\/?page_id=6491\"><span class=\"wp-block-navigation-item__label\">Gott, Christentum, Ostern, Pfingsten, Weihnachten, Michaeli, Johanni<\/span><\/a><\/li><li class=\" wp-block-navigation-item wp-block-navigation-link\"><a class=\"wp-block-navigation-item__content\"  href=\"https:\/\/xn--wahres-schnes-gutes-furttal-yyc.ch\/?page_id=6493\"><span class=\"wp-block-navigation-item__label\">Vertrauen, Mut, Resilienz <\/span><\/a><\/li><li class=\" wp-block-navigation-item wp-block-navigation-link\"><a class=\"wp-block-navigation-item__content\"  href=\"https:\/\/xn--wahres-schnes-gutes-furttal-yyc.ch\/?page_id=7196\"><span class=\"wp-block-navigation-item__label\">Demut, Bescheidenheit, Ehrfurcht, Devotion<\/span><\/a><\/li><li class=\" wp-block-navigation-item wp-block-navigation-link\"><a class=\"wp-block-navigation-item__content\"  href=\"https:\/\/xn--wahres-schnes-gutes-furttal-yyc.ch\/?page_id=6495\"><span class=\"wp-block-navigation-item__label\">Gerechtigkeit, Karma und Schicksal<\/span><\/a><\/li><li class=\" wp-block-navigation-item wp-block-navigation-link\"><a class=\"wp-block-navigation-item__content\"  href=\"https:\/\/xn--wahres-schnes-gutes-furttal-yyc.ch\/?page_id=6497\"><span class=\"wp-block-navigation-item__label\">Menschen, Gesellschaft, Gemeinschaft, Verbundenheit, Entfremdung, geistige Spaltung<\/span><\/a><\/li><li class=\" wp-block-navigation-item wp-block-navigation-link\"><a class=\"wp-block-navigation-item__content\"  href=\"https:\/\/xn--wahres-schnes-gutes-furttal-yyc.ch\/?page_id=6499\"><span class=\"wp-block-navigation-item__label\">Leben, Ver\u00e4nderungen<\/span><\/a><\/li><li class=\" wp-block-navigation-item wp-block-navigation-link\"><a class=\"wp-block-navigation-item__content\"  href=\"https:\/\/xn--wahres-schnes-gutes-furttal-yyc.ch\/?page_id=6501\"><span class=\"wp-block-navigation-item__label\">Widersacherkr\u00e4fte, an Widerst\u00e4nden wachsen, Sinn des B\u00f6sen<\/span><\/a><\/li><li class=\" wp-block-navigation-item wp-block-navigation-link\"><a class=\"wp-block-navigation-item__content\"  href=\"https:\/\/xn--wahres-schnes-gutes-furttal-yyc.ch\/?page_id=6503\"><span class=\"wp-block-navigation-item__label\">Spirituelle Fallen<\/span><\/a><\/li><li class=\" wp-block-navigation-item wp-block-navigation-link\"><a class=\"wp-block-navigation-item__content\"  href=\"https:\/\/xn--wahres-schnes-gutes-furttal-yyc.ch\/?page_id=6507\"><span class=\"wp-block-navigation-item__label\">Frieden<\/span><\/a><\/li><li class=\" wp-block-navigation-item wp-block-navigation-link\"><a class=\"wp-block-navigation-item__content\"  href=\"https:\/\/xn--wahres-schnes-gutes-furttal-yyc.ch\/?page_id=6509\"><span class=\"wp-block-navigation-item__label\">Natur, Kultur, Elementar-\/Naturwesen, Technikwesen und Ahrimanisierung, Jahreszeiten<\/span><\/a><\/li><li class=\" wp-block-navigation-item wp-block-navigation-link\"><a class=\"wp-block-navigation-item__content\"  href=\"https:\/\/xn--wahres-schnes-gutes-furttal-yyc.ch\/?page_id=6511\"><span class=\"wp-block-navigation-item__label\">Morgen(rot)<\/span><\/a><\/li><li class=\" wp-block-navigation-item wp-block-navigation-link\"><a class=\"wp-block-navigation-item__content\"  href=\"https:\/\/xn--wahres-schnes-gutes-furttal-yyc.ch\/?page_id=6513\"><span class=\"wp-block-navigation-item__label\">Abend, Nacht<\/span><\/a><\/li><li class=\" wp-block-navigation-item wp-block-navigation-link\"><a class=\"wp-block-navigation-item__content\"  href=\"https:\/\/xn--wahres-schnes-gutes-furttal-yyc.ch\/?page_id=6515\"><span class=\"wp-block-navigation-item__label\">Trauer, Gedenken an die Seelen der Verstorbenen<\/span><\/a><\/li><li class=\" wp-block-navigation-item wp-block-navigation-link\"><a class=\"wp-block-navigation-item__content\"  href=\"https:\/\/xn--wahres-schnes-gutes-furttal-yyc.ch\/?page_id=6936\"><span class=\"wp-block-navigation-item__label\">Biologisch-dynamische Landwirtschaft \u2013 heilende Impulse f\u00fcr Mensch und Erde<\/span><\/a><\/li><\/ul>\n\t\t\t\t\t\t\t<\/div>\n\t\t\t\t\t\t<\/div>\n\t\t\t\t\t<\/div>\n\t\t\t\t<\/div><\/nav><\/div>\n<\/div>\n\n\n\n<p>Biologisch-dynamische Landwirtschaft -heilende Impulse f\u00fcr Mensch und Erde<\/p>\n","protected":false},"excerpt":{"rendered":"<p>Wahres Sch\u00f6nes Gutes: Themen<\/p>\n","protected":false},"author":1,"featured_media":176,"parent":0,"menu_order":0,"comment_status":"closed","ping_status":"closed","template":"","meta":{"advanced_seo_description":"","jetpack_seo_html_title":"","jetpack_seo_noindex":false,"footnotes":""},"class_list":["post-265","page","type-page","status-publish","has-post-thumbnail","hentry"],"jetpack_sharing_enabled":true,"_links":{"self":[{"href":"https:\/\/xn--wahres-schnes-gutes-furttal-yyc.ch\/index.php?rest_route=\/wp\/v2\/pages\/265","targetHints":{"allow":["GET"]}}],"collection":[{"href":"https:\/\/xn--wahres-schnes-gutes-furttal-yyc.ch\/index.php?rest_route=\/wp\/v2\/pages"}],"about":[{"href":"https:\/\/xn--wahres-schnes-gutes-furttal-yyc.ch\/index.php?rest_route=\/wp\/v2\/types\/page"}],"author":[{"embeddable":true,"href":"https:\/\/xn--wahres-schnes-gutes-furttal-yyc.ch\/index.php?rest_route=\/wp\/v2\/users\/1"}],"replies":[{"embeddable":true,"href":"https:\/\/xn--wahres-schnes-gutes-furttal-yyc.ch\/index.php?rest_route=%2Fwp%2Fv2%2Fcomments&post=265"}],"version-history":[{"count":28,"href":"https:\/\/xn--wahres-schnes-gutes-furttal-yyc.ch\/index.php?rest_route=\/wp\/v2\/pages\/265\/revisions"}],"predecessor-version":[{"id":6986,"href":"https:\/\/xn--wahres-schnes-gutes-furttal-yyc.ch\/index.php?rest_route=\/wp\/v2\/pages\/265\/revisions\/6986"}],"wp:featuredmedia":[{"embeddable":true,"href":"https:\/\/xn--wahres-schnes-gutes-furttal-yyc.ch\/index.php?rest_route=\/wp\/v2\/media\/176"}],"wp:attachment":[{"href":"https:\/\/xn--wahres-schnes-gutes-furttal-yyc.ch\/index.php?rest_route=%2Fwp%2Fv2%2Fmedia&parent=265"}],"curies":[{"name":"wp","href":"https:\/\/api.w.org\/{rel}","templated":true}]}}